{"id":127,"date":"2020-12-21T20:34:41","date_gmt":"2020-12-21T19:34:41","guid":{"rendered":"https:\/\/podolog.fancybox.work\/?page_id=127"},"modified":"2021-01-22T14:25:24","modified_gmt":"2021-01-22T13:25:24","slug":"polityka-prywatnosci","status":"publish","type":"page","link":"https:\/\/podologkielce.com\/polityka-prywatnosci\/","title":{"rendered":"Polityka prywatno\u015bci"},"content":{"rendered":"\n<h1>Polityka prywatno\u015bci strony internetowej<\/h1>\n\n\n\n<h2>http:\/\/podologkielce.com\/<\/h2>\n\n\n\n<ol><li>POSTANOWIENIA OG\u00d3LNE<ol><li>Administratorem danych osobowych zbieranych za po\u015brednictwem strony internetowej&nbsp;<strong>http:\/\/podologkielce.com\/<\/strong>&nbsp;jest&nbsp;<strong>Agata Jaros<\/strong>&nbsp;wykonuj\u0105cy\/a dzia\u0142alno\u015b\u0107 gospodarcz\u0105 pod firm\u0105&nbsp;<strong>Podo-Med Agata Jaros&nbsp;<\/strong>, adres siedziby: Robotnicza 1 lok. 518, Kielce, adres do dor\u0119cze\u0144: , NIP: 9591753321, REGON: , wpisan\u0105 do Centralnej Ewidencji i Informacji o Dzia\u0142alno\u015bci Gospodarczej, adres poczty elektronicznej: , dalej \u201eAdministrator\u201d, b\u0119d\u0105cy\/a jednocze\u015bcie Us\u0142ugodawc\u0105. , miejsce wykonywania dzia\u0142alno\u015bci: Robotnicza 1 lok. 518, Kielce, adres do dor\u0119cze\u0144: Robotnicza 1 lok. 518, Kielce, NIP: 9591753321, REGON: , adres poczty elektronicznej (e-mail): , zwany\/a dalej &#8222;Administratorem&#8221;.<\/li><li>Dane osobowe zbierane przez Administratora za po\u015brednictwem strony internetowej s\u0105 przetwarzane zgodnie z&nbsp;Rozporz\u0105dzeniem Parlamentu Europejskiego i&nbsp;Rady (UE) 2016\/679 z&nbsp;dnia 27 kwietnia 2016 r. w&nbsp;sprawie ochrony os\u00f3b fizycznych w&nbsp;zwi\u0105zku z&nbsp;przetwarzaniem danych osobowych i&nbsp;w sprawie swobodnego przep\u0142ywu takich danych oraz uchylenia dyrektywy 95\/46\/WE (og\u00f3lne rozporz\u0105dzenie o&nbsp;ochronie danych), zwane dalej RODO oraz ustaw\u0105 o ochronie danych osobowych z dnia 10 maja 2018 r.<\/li><\/ol><\/li><li>RODZAJ PRZETWARZANYCH DANYCH OSOBOWYCH, CEL I ZAKRES ZBIERANIA DANYCH<ol><li><strong>CEL PRZETWARZANIA I PODSTAWA PRAWNA.<\/strong>&nbsp;Administrator przetwarza dane osobowe za po\u015brednictwem strony&nbsp;<strong>http:\/\/podologkielce.com\/<\/strong>&nbsp;w przypadku:<ol><li>skorzystania przez u\u017cytkownika z formularza kontaktowego. Dane osobowe s\u0105 przetwarzane na podstawie art. 6 ust. 1 lit. f) RODO jako prawnie usprawiedliwiony interes Administratora.<\/li><\/ol><\/li><li><strong>RODZAJ PRZETWARZANYCH DANYCH OSOBOWYCH.&nbsp;<\/strong>Administrator przetwarza nast\u0119puj\u0105ce kategorie danych osobowych u\u017cytkownika:<\/li><li><strong>OKRES ARCHIWIZACJI DANYCH OSOBOWYCH.<\/strong>&nbsp;Dane osobowe u\u017cytkownik\u00f3w przechowywane s\u0105 przez Administratora:<ol><li>w przypadku, gdy podstaw\u0105 przetwarzania danych jest wykonanie umowy, tak d\u0142ugo, jak jest to niezb\u0119dne do wykonania umowy, a&nbsp;po tym czasie przez okres odpowiadaj\u0105cy okresowi przedawnienia roszcze\u0144. Je\u017celi przepis szczeg\u00f3lny nie stanowi inaczej, termin przedawnienia wynosi lat sze\u015b\u0107, a&nbsp;dla roszcze\u0144 o&nbsp;\u015bwiadczenia okresowe oraz roszcze\u0144 zwi\u0105zanych z&nbsp;prowadzeniem dzia\u0142alno\u015bci gospodarczej &#8211; trzy lata.<\/li><li>w przypadku, gdy podstaw\u0105 przetwarzania danych jest zgoda, tak d\u0142ugo, a\u017c zgoda nie zostanie odwo\u0142ana, a&nbsp;po odwo\u0142aniu zgody przez okres czasu odpowiadaj\u0105cy okresowi przedawnienia roszcze\u0144 jakie mo\u017ce podnosi\u0107 Administrator i&nbsp;jakie mog\u0105 by\u0107 podnoszone wobec niego. Je\u017celi przepis szczeg\u00f3lny nie stanowi inaczej, termin przedawnienia wynosi lat sze\u015b\u0107, a&nbsp;dla roszcze\u0144 o&nbsp;\u015bwiadczenia okresowe oraz roszcze\u0144 zwi\u0105zanych z&nbsp;prowadzeniem dzia\u0142alno\u015bci gospodarczej &#8211; trzy lata.<\/li><\/ol><\/li><li>Podczas korzystania ze strony internetowej mog\u0105 by\u0107 pobierane dodatkowe informacje, w&nbsp;szczeg\u00f3lno\u015bci: adres IP przypisany do komputera u\u017cytkownika lub zewn\u0119trzny adres IP dostawcy Internetu, nazwa domeny, rodzaj przegl\u0105darki, czas dost\u0119pu, typ systemu operacyjnego.<\/li><li>Od u\u017cytkownik\u00f3w mog\u0105 by\u0107 tak\u017ce gromadzone dane nawigacyjne, w&nbsp;tym informacje o&nbsp;linkach i&nbsp;odno\u015bnikach, w&nbsp;kt\u00f3re zdecyduj\u0105 si\u0119 klikn\u0105\u0107 lub innych czynno\u015bciach, podejmowanych na stronie internetowej. Podstaw\u0105 prawn\u0105 tego rodzaju czynno\u015bci jest prawnie uzasadniony interes Administratora (art. 6 ust. 1 lit. f RODO), polegaj\u0105cy na u\u0142atwieniu korzystania z&nbsp;us\u0142ug \u015bwiadczonych drog\u0105 elektroniczn\u0105 oraz na poprawie funkcjonalno\u015bci tych us\u0142ug.<\/li><li>Podanie danych osobowych przez u\u017cytkownika jest dobrowolne.<\/li><li>Dane osobowe b\u0119d\u0105 przetwarzane tak\u017ce w spos\u00f3b zautomatyzowany w formie profilowania, o ile u\u017cytkownik wyrazi na to zgod\u0119 na podstawie art. 6 ust. 1 lit. a) RODO. Konsekwencj\u0105 profilowania b\u0119dzie przypisanie danej osobie profilu w celu podejmowania dotycz\u0105cych jej decyzji b\u0105d\u017a analizy lub przewidywania jej preferencji, zachowa\u0144 i postaw.<\/li><li>Administrator dok\u0142ada szczeg\u00f3lnej staranno\u015bci w celu ochrony interes\u00f3w os\u00f3b, kt\u00f3rych dane dotycz\u0105, a w szczeg\u00f3lno\u015bci zapewnia, \u017ce zbierane przez niego dane s\u0105:<ol><li>przetwarzane zgodnie z prawem,<\/li><li>zbierane dla oznaczonych, zgodnych z prawem cel\u00f3w i niepoddawane dalszemu przetwarzaniu niezgodnemu z tymi celami,<\/li><li>merytorycznie poprawne i adekwatne w stosunku do cel\u00f3w, w jakich s\u0105 przetwarzane oraz przechowywane w postaci umo\u017cliwiaj\u0105cej identyfikacj\u0119 os\u00f3b, kt\u00f3rych dotycz\u0105, nie d\u0142u\u017cej ni\u017c jest to niezb\u0119dne do osi\u0105gni\u0119cia celu przetwarzania.<\/li><\/ol><\/li><\/ol><\/li><li>UDOST\u0118PNIENIE DANYCH OSOBOWYCH<ol><li>Dane osobowe u\u017cytkownik\u00f3w przekazywane s\u0105 dostawcom us\u0142ug, z&nbsp;kt\u00f3rych korzysta Administrator przy prowadzeniu strony internetowej. Dostawcy us\u0142ug, kt\u00f3rym przekazywane s\u0105 dane osobowe, w&nbsp;zale\u017cno\u015bci od uzgodnie\u0144 umownych i&nbsp;okoliczno\u015bci, albo podlegaj\u0105 poleceniom Administratora co do cel\u00f3w i&nbsp;sposob\u00f3w przetwarzania tych danych (podmioty przetwarzaj\u0105ce) albo samodzielnie okre\u015blaj\u0105 cele i&nbsp;sposoby ich przetwarzania (administratorzy).<\/li><li>Dane osobowe u\u017cytkownik\u00f3w s\u0105 przechowywane wy\u0142\u0105cznie na terenie Europejskiego Obszaru Gospodarczego (EOG).<\/li><\/ol><\/li><li>PRAWO KONTROLI, DOST\u0118PU DO TRE\u015aCI W\u0141ASNYCH DANYCH ORAZ ICH POPRAWIANIA<ol><li>Osoba, kt\u00f3rej dane dotycz\u0105, ma prawo dost\u0119pu do tre\u015bci swoich danych osobowych oraz prawo ich sprostowania, usuni\u0119cia, ograniczenia przetwarzania, prawo do przenoszenia danych, prawo wniesienia sprzeciwu, prawo do cofni\u0119cia zgody w dowolnym momencie bez wp\u0142ywu na zgodno\u015b\u0107 z prawem przetwarzania, kt\u00f3rego dokonano na podstawie zgody przed jej cofni\u0119ciem.<\/li><li>Podstawy prawne \u017c\u0105dania u\u017cytkownika:<ol><li><strong>Dost\u0119p do danych<\/strong>&nbsp;\u2013 art. 15 RODO<\/li><li><strong>Sprostowanie danych<\/strong>&nbsp;\u2013 art. 16 RODO.<\/li><li><strong>Usuni\u0119cie danych (tzw. prawo do bycia zapomnianym)<\/strong>&nbsp;\u2013 art. 17 RODO.<\/li><li><strong>Ograniczenie przetwarzania<\/strong>&nbsp;\u2013 art. 18 RODO.<\/li><li><strong>Przeniesienie danych<\/strong>&nbsp;\u2013 art. 20 RODO.<\/li><li><strong>Sprzeciw<\/strong>&nbsp;\u2013 art. 21 RODO<\/li><li><strong>Cofni\u0119cie zgody<\/strong>&nbsp;\u2013 art. 7 ust. 3 RODO.<\/li><\/ol><\/li><li>W celu realizacji uprawnie\u0144, o kt\u00f3rych mowa w pkt 2 mo\u017cna wys\u0142a\u0107 stosown\u0105 wiadomo\u015b\u0107 e-mail na adres: .<\/li><li>W sytuacji wyst\u0105pienia przez u\u017cytkownika z&nbsp;uprawnieniem wynikaj\u0105cym z&nbsp;powy\u017cszych praw, Administrator spe\u0142nia \u017c\u0105danie albo odmawia jego spe\u0142nienia niezw\u0142ocznie, nie p\u00f3\u017aniej jednak ni\u017c w&nbsp;ci\u0105gu miesi\u0105ca po jego otrzymaniu. Je\u017celi jednak &#8211; z&nbsp;uwagi na skomplikowany charakter \u017c\u0105dania lub liczb\u0119 \u017c\u0105da\u0144 \u2013 Administrator nie b\u0119dzie m\u00f3g\u0142 spe\u0142ni\u0107 \u017c\u0105dania w&nbsp;ci\u0105gu miesi\u0105ca, spe\u0142ni je w&nbsp;ci\u0105gu kolejnych dw\u00f3ch miesi\u0119cy informuj\u0105c u\u017cytkownika uprzednio w&nbsp;terminie miesi\u0105ca od otrzymania \u017c\u0105dania &#8211; o&nbsp;zamierzonym przed\u0142u\u017ceniu terminu oraz jego przyczynach.<\/li><li>W przypadku stwierdzenia, \u017ce przetwarzanie danych osobowych narusza przepisy RODO, osoba, kt\u00f3rej dane dotycz\u0105, ma prawo wnie\u015b\u0107 skarg\u0119 do Prezesa Urz\u0119du Ochrony Danych Osobowych.<\/li><\/ol><\/li><li>PLIKI &#8222;COOKIES&#8221;<ol><li>Strona Administratora&nbsp;u\u017cywa plik\u00f3w&nbsp;\u201ecookies\u201d.<\/li><li>Instalacja plik\u00f3w \u201ecookies\u201d jest konieczna do prawid\u0142owego \u015bwiadczenia us\u0142ug na stronie internetowej. W plikach \u201ecookies&#8221; znajduj\u0105 si\u0119 informacje niezb\u0119dne do prawid\u0142owego funkcjonowania strony, a tak\u017ce daj\u0105 one tak\u017ce mo\u017cliwo\u015b\u0107 opracowywania og\u00f3lnych statystyk odwiedzin strony internetowej.<\/li><li>W ramach strony stosowane s\u0105 rodzaje plik\u00f3w &#8222;cookies&#8221;: sesyjne i sta\u0142e<ol><li>\u201eCookies\u201d \u201esesyjne\u201d s\u0105 plikami tymczasowymi, kt\u00f3re przechowywane s\u0105 w urz\u0105dzeniu ko\u0144cowym u\u017cytkownika do czasu wylogowania (opuszczenia strony).<\/li><li>\u201eSta\u0142e\u201d pliki \u201ecookies\u201d przechowywane s\u0105 w urz\u0105dzeniu ko\u0144cowym u\u017cytkownika przez czas okre\u015blony w parametrach plik\u00f3w \u201ecookies\u201d lub do czasu ich usuni\u0119cia przez u\u017cytkownika.<\/li><\/ol><\/li><li>Administrator wykorzystuje w\u0142asne pliki cookies w celu lepszego poznania sposobu interakcji u\u017cytkownika w zakresie zawarto\u015bci strony. Pliki gromadz\u0105 informacje o sposobie korzystania ze strony internetowej przez u\u017cytkownika, typie strony, z jakiej u\u017cytkownik zosta\u0142 przekierowany oraz liczbie odwiedzin i czasie wizyty u\u017cytkownika na stronie internetowej. Informacje te nie rejestruj\u0105 konkretnych danych osobowych u\u017cytkownika, lecz s\u0142u\u017c\u0105 do opracowania statystyk korzystania ze strony.<\/li><li>U\u017cytkownik ma prawo zadecydowania w zakresie dost\u0119pu plik\u00f3w \u201ecookies\u201d do swojego komputera poprzez ich uprzedni wyb\u00f3r w oknie swojej przegl\u0105darki. &nbsp;Szczeg\u00f3\u0142owe informacje o mo\u017cliwo\u015bci i sposobach obs\u0142ugi plik\u00f3w \u201ecookies\u201d dost\u0119pne s\u0105 w ustawieniach oprogramowania (przegl\u0105darki internetowej).<\/li><\/ol><\/li><li>POSTANOWIENIA KO\u0143COWE<ol><li>Administrator stosuje \u015brodki techniczne i organizacyjne zapewniaj\u0105ce ochron\u0119 przetwarzanych danych osobowych odpowiedni\u0105 do zagro\u017ce\u0144 oraz kategorii danych obj\u0119tych ochron\u0105, a w szczeg\u00f3lno\u015bci zabezpiecza dane przed ich udost\u0119pnieniem osobom nieupowa\u017cnionym, zabraniem przez osob\u0119 nieuprawnion\u0105, przetwarzaniem z naruszeniem obowi\u0105zuj\u0105cych przepis\u00f3w oraz zmian\u0105, utrat\u0105, uszkodzeniem lub zniszczeniem.<\/li><li>Administrator udost\u0119pnia odpowiednie \u015brodki techniczne zapobiegaj\u0105ce pozyskiwaniu i modyfikowaniu przez osoby nieuprawnione, danych osobowych przesy\u0142anych drog\u0105 elektroniczn\u0105.<\/li><li>W sprawach nieuregulowanych niniejsz\u0105 Polityk\u0105 prywatno\u015bci stosuje si\u0119 odpowiednio przepisy RODO oraz inne w\u0142a\u015bciwe przepisy prawa polskiego.<\/li><\/ol><\/li><\/ol>\n","protected":false},"excerpt":{"rendered":"<p>Polityka prywatno\u015bci strony internetowej http:\/\/podologkielce.com\/ POSTANOWIENIA OG\u00d3LNE Administratorem danych osobowych zbieranych za po\u015brednictwem strony internetowej&nbsp;http:\/\/podologkielce.com\/&nbsp;jest&nbsp;Agata Jaros&nbsp;wykonuj\u0105cy\/a dzia\u0142alno\u015b\u0107 gospodarcz\u0105 pod firm\u0105&nbsp;Podo-Med Agata Jaros&nbsp;, adres siedziby: Robotnicza 1 lok. 518, Kielce, adres do dor\u0119cze\u0144: , NIP: 9591753321, REGON: , wpisan\u0105 do Centralnej Ewidencji i Informacji o Dzia\u0142alno\u015bci Gospodarczej, adres poczty elektronicznej: ,<span class=\"excerpt-hellip\"> [\u2026]<\/span><\/p>\n","protected":false},"author":1,"featured_media":0,"parent":0,"menu_order":0,"comment_status":"closed","ping_status":"closed","template":"","meta":[],"yoast_head":"<!-- This site is optimized with the Yoast SEO plugin v19.2 - https:\/\/yoast.com\/wordpress\/plugins\/seo\/ -->\n<title>Polityka prywatno\u015bci - Podolog Kielce<\/title>\n<meta name=\"robots\" content=\"index, follow, max-snippet:-1, max-image-preview:large, max-video-preview:-1\" \/>\n<link rel=\"canonical\" href=\"https:\/\/podologkielce.com\/polityka-prywatnosci\/\" \/>\n<meta property=\"og:locale\" content=\"pl_PL\" \/>\n<meta property=\"og:type\" content=\"article\" \/>\n<meta property=\"og:title\" content=\"Polityka prywatno\u015bci - Podolog Kielce\" \/>\n<meta property=\"og:description\" content=\"Polityka prywatno\u015bci strony internetowej http:\/\/podologkielce.com\/ POSTANOWIENIA OG\u00d3LNE Administratorem danych osobowych zbieranych za po\u015brednictwem strony internetowej&nbsp;http:\/\/podologkielce.com\/&nbsp;jest&nbsp;Agata Jaros&nbsp;wykonuj\u0105cy\/a dzia\u0142alno\u015b\u0107 gospodarcz\u0105 pod firm\u0105&nbsp;Podo-Med Agata Jaros&nbsp;, adres siedziby: Robotnicza 1 lok. 518, Kielce, adres do dor\u0119cze\u0144: , NIP: 9591753321, REGON: , wpisan\u0105 do Centralnej Ewidencji i Informacji o Dzia\u0142alno\u015bci Gospodarczej, adres poczty elektronicznej: , [\u2026]\" \/>\n<meta property=\"og:url\" content=\"https:\/\/podologkielce.com\/polityka-prywatnosci\/\" \/>\n<meta property=\"og:site_name\" content=\"Podolog Kielce\" \/>\n<meta property=\"article:modified_time\" content=\"2021-01-22T13:25:24+00:00\" \/>\n<meta name=\"author\" content=\"admin\" \/>\n<meta name=\"twitter:card\" content=\"summary_large_image\" \/>\n<meta name=\"twitter:label1\" content=\"Szacowany czas czytania\" \/>\n\t<meta name=\"twitter:data1\" content=\"7 minut\" \/>\n<script type=\"application\/ld+json\" class=\"yoast-schema-graph\">{\"@context\":\"https:\/\/schema.org\",\"@graph\":[{\"@type\":\"Organization\",\"@id\":\"https:\/\/podologkielce.com\/#organization\",\"name\":\"Podo-med\",\"url\":\"https:\/\/podologkielce.com\/\",\"sameAs\":[],\"logo\":{\"@type\":\"ImageObject\",\"inLanguage\":\"pl-PL\",\"@id\":\"https:\/\/podologkielce.com\/#\/schema\/logo\/image\/\",\"url\":\"https:\/\/podologkielce.com\/wp-content\/uploads\/2021\/01\/Logo_Podo_med-01.png\",\"contentUrl\":\"https:\/\/podologkielce.com\/wp-content\/uploads\/2021\/01\/Logo_Podo_med-01.png\",\"width\":165,\"height\":60,\"caption\":\"Podo-med\"},\"image\":{\"@id\":\"https:\/\/podologkielce.com\/#\/schema\/logo\/image\/\"}},{\"@type\":\"WebSite\",\"@id\":\"https:\/\/podologkielce.com\/#website\",\"url\":\"https:\/\/podologkielce.com\/\",\"name\":\"Podolog Kielce\",\"description\":\"\",\"publisher\":{\"@id\":\"https:\/\/podologkielce.com\/#organization\"},\"potentialAction\":[{\"@type\":\"SearchAction\",\"target\":{\"@type\":\"EntryPoint\",\"urlTemplate\":\"https:\/\/podologkielce.com\/?s={search_term_string}\"},\"query-input\":\"required name=search_term_string\"}],\"inLanguage\":\"pl-PL\"},{\"@type\":\"WebPage\",\"@id\":\"https:\/\/podologkielce.com\/polityka-prywatnosci\/#webpage\",\"url\":\"https:\/\/podologkielce.com\/polityka-prywatnosci\/\",\"name\":\"Polityka prywatno\u015bci - Podolog Kielce\",\"isPartOf\":{\"@id\":\"https:\/\/podologkielce.com\/#website\"},\"datePublished\":\"2020-12-21T19:34:41+00:00\",\"dateModified\":\"2021-01-22T13:25:24+00:00\",\"breadcrumb\":{\"@id\":\"https:\/\/podologkielce.com\/polityka-prywatnosci\/#breadcrumb\"},\"inLanguage\":\"pl-PL\",\"potentialAction\":[{\"@type\":\"ReadAction\",\"target\":[\"https:\/\/podologkielce.com\/polityka-prywatnosci\/\"]}]},{\"@type\":\"BreadcrumbList\",\"@id\":\"https:\/\/podologkielce.com\/polityka-prywatnosci\/#breadcrumb\",\"itemListElement\":[{\"@type\":\"ListItem\",\"position\":1,\"name\":\"Strona g\u0142\u00f3wna\",\"item\":\"https:\/\/podologkielce.com\/\"},{\"@type\":\"ListItem\",\"position\":2,\"name\":\"Polityka prywatno\u015bci\"}]}]}<\/script>\n<!-- \/ Yoast SEO plugin. -->","yoast_head_json":{"title":"Polityka prywatno\u015bci - Podolog Kielce","robots":{"index":"index","follow":"follow","max-snippet":"max-snippet:-1","max-image-preview":"max-image-preview:large","max-video-preview":"max-video-preview:-1"},"canonical":"https:\/\/podologkielce.com\/polityka-prywatnosci\/","og_locale":"pl_PL","og_type":"article","og_title":"Polityka prywatno\u015bci - Podolog Kielce","og_description":"Polityka prywatno\u015bci strony internetowej http:\/\/podologkielce.com\/ POSTANOWIENIA OG\u00d3LNE Administratorem danych osobowych zbieranych za po\u015brednictwem strony internetowej&nbsp;http:\/\/podologkielce.com\/&nbsp;jest&nbsp;Agata Jaros&nbsp;wykonuj\u0105cy\/a dzia\u0142alno\u015b\u0107 gospodarcz\u0105 pod firm\u0105&nbsp;Podo-Med Agata Jaros&nbsp;, adres siedziby: Robotnicza 1 lok. 518, Kielce, adres do dor\u0119cze\u0144: , NIP: 9591753321, REGON: , wpisan\u0105 do Centralnej Ewidencji i Informacji o Dzia\u0142alno\u015bci Gospodarczej, adres poczty elektronicznej: , [\u2026]","og_url":"https:\/\/podologkielce.com\/polityka-prywatnosci\/","og_site_name":"Podolog Kielce","article_modified_time":"2021-01-22T13:25:24+00:00","author":"admin","twitter_card":"summary_large_image","twitter_misc":{"Szacowany czas czytania":"7 minut"},"schema":{"@context":"https:\/\/schema.org","@graph":[{"@type":"Organization","@id":"https:\/\/podologkielce.com\/#organization","name":"Podo-med","url":"https:\/\/podologkielce.com\/","sameAs":[],"logo":{"@type":"ImageObject","inLanguage":"pl-PL","@id":"https:\/\/podologkielce.com\/#\/schema\/logo\/image\/","url":"https:\/\/podologkielce.com\/wp-content\/uploads\/2021\/01\/Logo_Podo_med-01.png","contentUrl":"https:\/\/podologkielce.com\/wp-content\/uploads\/2021\/01\/Logo_Podo_med-01.png","width":165,"height":60,"caption":"Podo-med"},"image":{"@id":"https:\/\/podologkielce.com\/#\/schema\/logo\/image\/"}},{"@type":"WebSite","@id":"https:\/\/podologkielce.com\/#website","url":"https:\/\/podologkielce.com\/","name":"Podolog Kielce","description":"","publisher":{"@id":"https:\/\/podologkielce.com\/#organization"},"potentialAction":[{"@type":"SearchAction","target":{"@type":"EntryPoint","urlTemplate":"https:\/\/podologkielce.com\/?s={search_term_string}"},"query-input":"required name=search_term_string"}],"inLanguage":"pl-PL"},{"@type":"WebPage","@id":"https:\/\/podologkielce.com\/polityka-prywatnosci\/#webpage","url":"https:\/\/podologkielce.com\/polityka-prywatnosci\/","name":"Polityka prywatno\u015bci - Podolog Kielce","isPartOf":{"@id":"https:\/\/podologkielce.com\/#website"},"datePublished":"2020-12-21T19:34:41+00:00","dateModified":"2021-01-22T13:25:24+00:00","breadcrumb":{"@id":"https:\/\/podologkielce.com\/polityka-prywatnosci\/#breadcrumb"},"inLanguage":"pl-PL","potentialAction":[{"@type":"ReadAction","target":["https:\/\/podologkielce.com\/polityka-prywatnosci\/"]}]},{"@type":"BreadcrumbList","@id":"https:\/\/podologkielce.com\/polityka-prywatnosci\/#breadcrumb","itemListElement":[{"@type":"ListItem","position":1,"name":"Strona g\u0142\u00f3wna","item":"https:\/\/podologkielce.com\/"},{"@type":"ListItem","position":2,"name":"Polityka prywatno\u015bci"}]}]}},"_links":{"self":[{"href":"https:\/\/podologkielce.com\/wp-json\/wp\/v2\/pages\/127"}],"collection":[{"href":"https:\/\/podologkielce.com\/wp-json\/wp\/v2\/pages"}],"about":[{"href":"https:\/\/podologkielce.com\/wp-json\/wp\/v2\/types\/page"}],"author":[{"embeddable":true,"href":"https:\/\/podologkielce.com\/wp-json\/wp\/v2\/users\/1"}],"replies":[{"embeddable":true,"href":"https:\/\/podologkielce.com\/wp-json\/wp\/v2\/comments?post=127"}],"version-history":[{"count":2,"href":"https:\/\/podologkielce.com\/wp-json\/wp\/v2\/pages\/127\/revisions"}],"predecessor-version":[{"id":257,"href":"https:\/\/podologkielce.com\/wp-json\/wp\/v2\/pages\/127\/revisions\/257"}],"wp:attachment":[{"href":"https:\/\/podologkielce.com\/wp-json\/wp\/v2\/media?parent=127"}],"curies":[{"name":"wp","href":"https:\/\/api.w.org\/{rel}","templated":true}]}}