{"id":85,"date":"2020-12-21T18:18:20","date_gmt":"2020-12-21T17:18:20","guid":{"rendered":"https:\/\/podolog.fancybox.work\/?page_id=85"},"modified":"2021-02-28T16:56:03","modified_gmt":"2021-02-28T15:56:03","slug":"wrastajace-wkrecajace-sie-paznokcie","status":"publish","type":"page","link":"https:\/\/podologkielce.com\/wrastajace-wkrecajace-sie-paznokcie\/","title":{"rendered":"Wrastaj\u0105ce\/ wkr\u0119caj\u0105ce si\u0119 paznokcie"},"content":{"rendered":"","protected":false},"excerpt":{"rendered":"","protected":false},"author":1,"featured_media":171,"parent":0,"menu_order":0,"comment_status":"closed","ping_status":"closed","template":"","meta":[],"yoast_head":"<!-- This site is optimized with the Yoast SEO plugin v19.2 - https:\/\/yoast.com\/wordpress\/plugins\/seo\/ -->\n<title>Wrastaj\u0105ce\/ wkr\u0119caj\u0105ce si\u0119 paznokcie - Podolog Kielce<\/title>\n<meta name=\"robots\" content=\"index, follow, max-snippet:-1, max-image-preview:large, max-video-preview:-1\" \/>\n<link rel=\"canonical\" href=\"https:\/\/podologkielce.com\/wrastajace-wkrecajace-sie-paznokcie\/\" \/>\n<meta property=\"og:locale\" content=\"pl_PL\" \/>\n<meta property=\"og:type\" content=\"article\" \/>\n<meta property=\"og:title\" content=\"Wrastaj\u0105ce\/ wkr\u0119caj\u0105ce si\u0119 paznokcie - Podolog Kielce\" \/>\n<meta property=\"og:url\" content=\"https:\/\/podologkielce.com\/wrastajace-wkrecajace-sie-paznokcie\/\" \/>\n<meta property=\"og:site_name\" content=\"Podolog Kielce\" \/>\n<meta property=\"article:modified_time\" content=\"2021-02-28T15:56:03+00:00\" \/>\n<meta property=\"og:image\" content=\"https:\/\/podologkielce.com\/wp-content\/uploads\/2020\/12\/paznokcie-1.jpg\" \/>\n\t<meta property=\"og:image:width\" content=\"1920\" \/>\n\t<meta property=\"og:image:height\" content=\"1277\" \/>\n\t<meta property=\"og:image:type\" content=\"image\/jpeg\" \/>\n<meta name=\"author\" content=\"admin\" \/>\n<meta name=\"twitter:card\" content=\"summary_large_image\" \/>\n<script type=\"application\/ld+json\" class=\"yoast-schema-graph\">{\"@context\":\"https:\/\/schema.org\",\"@graph\":[{\"@type\":\"Organization\",\"@id\":\"https:\/\/podologkielce.com\/#organization\",\"name\":\"Podo-med\",\"url\":\"https:\/\/podologkielce.com\/\",\"sameAs\":[],\"logo\":{\"@type\":\"ImageObject\",\"inLanguage\":\"pl-PL\",\"@id\":\"https:\/\/podologkielce.com\/#\/schema\/logo\/image\/\",\"url\":\"https:\/\/podologkielce.com\/wp-content\/uploads\/2021\/01\/Logo_Podo_med-01.png\",\"contentUrl\":\"https:\/\/podologkielce.com\/wp-content\/uploads\/2021\/01\/Logo_Podo_med-01.png\",\"width\":165,\"height\":60,\"caption\":\"Podo-med\"},\"image\":{\"@id\":\"https:\/\/podologkielce.com\/#\/schema\/logo\/image\/\"}},{\"@type\":\"WebSite\",\"@id\":\"https:\/\/podologkielce.com\/#website\",\"url\":\"https:\/\/podologkielce.com\/\",\"name\":\"Podolog Kielce\",\"description\":\"\",\"publisher\":{\"@id\":\"https:\/\/podologkielce.com\/#organization\"},\"potentialAction\":[{\"@type\":\"SearchAction\",\"target\":{\"@type\":\"EntryPoint\",\"urlTemplate\":\"https:\/\/podologkielce.com\/?s={search_term_string}\"},\"query-input\":\"required name=search_term_string\"}],\"inLanguage\":\"pl-PL\"},{\"@type\":\"ImageObject\",\"inLanguage\":\"pl-PL\",\"@id\":\"https:\/\/podologkielce.com\/wrastajace-wkrecajace-sie-paznokcie\/#primaryimage\",\"url\":\"https:\/\/podologkielce.com\/wp-content\/uploads\/2020\/12\/paznokcie-1.jpg\",\"contentUrl\":\"https:\/\/podologkielce.com\/wp-content\/uploads\/2020\/12\/paznokcie-1.jpg\",\"width\":1920,\"height\":1277,\"caption\":\"Paznokcie\"},{\"@type\":\"WebPage\",\"@id\":\"https:\/\/podologkielce.com\/wrastajace-wkrecajace-sie-paznokcie\/#webpage\",\"url\":\"https:\/\/podologkielce.com\/wrastajace-wkrecajace-sie-paznokcie\/\",\"name\":\"Wrastaj\u0105ce\/ wkr\u0119caj\u0105ce si\u0119 paznokcie - Podolog Kielce\",\"isPartOf\":{\"@id\":\"https:\/\/podologkielce.com\/#website\"},\"primaryImageOfPage\":{\"@id\":\"https:\/\/podologkielce.com\/wrastajace-wkrecajace-sie-paznokcie\/#primaryimage\"},\"datePublished\":\"2020-12-21T17:18:20+00:00\",\"dateModified\":\"2021-02-28T15:56:03+00:00\",\"breadcrumb\":{\"@id\":\"https:\/\/podologkielce.com\/wrastajace-wkrecajace-sie-paznokcie\/#breadcrumb\"},\"inLanguage\":\"pl-PL\",\"potentialAction\":[{\"@type\":\"ReadAction\",\"target\":[\"https:\/\/podologkielce.com\/wrastajace-wkrecajace-sie-paznokcie\/\"]}]},{\"@type\":\"BreadcrumbList\",\"@id\":\"https:\/\/podologkielce.com\/wrastajace-wkrecajace-sie-paznokcie\/#breadcrumb\",\"itemListElement\":[{\"@type\":\"ListItem\",\"position\":1,\"name\":\"Strona g\u0142\u00f3wna\",\"item\":\"https:\/\/podologkielce.com\/\"},{\"@type\":\"ListItem\",\"position\":2,\"name\":\"Wrastaj\u0105ce\/ wkr\u0119caj\u0105ce si\u0119 paznokcie\"}]}]}<\/script>\n<!-- \/ Yoast SEO plugin. -->","yoast_head_json":{"title":"Wrastaj\u0105ce\/ wkr\u0119caj\u0105ce si\u0119 paznokcie - Podolog Kielce","robots":{"index":"index","follow":"follow","max-snippet":"max-snippet:-1","max-image-preview":"max-image-preview:large","max-video-preview":"max-video-preview:-1"},"canonical":"https:\/\/podologkielce.com\/wrastajace-wkrecajace-sie-paznokcie\/","og_locale":"pl_PL","og_type":"article","og_title":"Wrastaj\u0105ce\/ wkr\u0119caj\u0105ce si\u0119 paznokcie - Podolog Kielce","og_url":"https:\/\/podologkielce.com\/wrastajace-wkrecajace-sie-paznokcie\/","og_site_name":"Podolog Kielce","article_modified_time":"2021-02-28T15:56:03+00:00","og_image":[{"width":1920,"height":1277,"url":"https:\/\/podologkielce.com\/wp-content\/uploads\/2020\/12\/paznokcie-1.jpg","type":"image\/jpeg"}],"author":"admin","twitter_card":"summary_large_image","schema":{"@context":"https:\/\/schema.org","@graph":[{"@type":"Organization","@id":"https:\/\/podologkielce.com\/#organization","name":"Podo-med","url":"https:\/\/podologkielce.com\/","sameAs":[],"logo":{"@type":"ImageObject","inLanguage":"pl-PL","@id":"https:\/\/podologkielce.com\/#\/schema\/logo\/image\/","url":"https:\/\/podologkielce.com\/wp-content\/uploads\/2021\/01\/Logo_Podo_med-01.png","contentUrl":"https:\/\/podologkielce.com\/wp-content\/uploads\/2021\/01\/Logo_Podo_med-01.png","width":165,"height":60,"caption":"Podo-med"},"image":{"@id":"https:\/\/podologkielce.com\/#\/schema\/logo\/image\/"}},{"@type":"WebSite","@id":"https:\/\/podologkielce.com\/#website","url":"https:\/\/podologkielce.com\/","name":"Podolog Kielce","description":"","publisher":{"@id":"https:\/\/podologkielce.com\/#organization"},"potentialAction":[{"@type":"SearchAction","target":{"@type":"EntryPoint","urlTemplate":"https:\/\/podologkielce.com\/?s={search_term_string}"},"query-input":"required name=search_term_string"}],"inLanguage":"pl-PL"},{"@type":"ImageObject","inLanguage":"pl-PL","@id":"https:\/\/podologkielce.com\/wrastajace-wkrecajace-sie-paznokcie\/#primaryimage","url":"https:\/\/podologkielce.com\/wp-content\/uploads\/2020\/12\/paznokcie-1.jpg","contentUrl":"https:\/\/podologkielce.com\/wp-content\/uploads\/2020\/12\/paznokcie-1.jpg","width":1920,"height":1277,"caption":"Paznokcie"},{"@type":"WebPage","@id":"https:\/\/podologkielce.com\/wrastajace-wkrecajace-sie-paznokcie\/#webpage","url":"https:\/\/podologkielce.com\/wrastajace-wkrecajace-sie-paznokcie\/","name":"Wrastaj\u0105ce\/ wkr\u0119caj\u0105ce si\u0119 paznokcie - Podolog Kielce","isPartOf":{"@id":"https:\/\/podologkielce.com\/#website"},"primaryImageOfPage":{"@id":"https:\/\/podologkielce.com\/wrastajace-wkrecajace-sie-paznokcie\/#primaryimage"},"datePublished":"2020-12-21T17:18:20+00:00","dateModified":"2021-02-28T15:56:03+00:00","breadcrumb":{"@id":"https:\/\/podologkielce.com\/wrastajace-wkrecajace-sie-paznokcie\/#breadcrumb"},"inLanguage":"pl-PL","potentialAction":[{"@type":"ReadAction","target":["https:\/\/podologkielce.com\/wrastajace-wkrecajace-sie-paznokcie\/"]}]},{"@type":"BreadcrumbList","@id":"https:\/\/podologkielce.com\/wrastajace-wkrecajace-sie-paznokcie\/#breadcrumb","itemListElement":[{"@type":"ListItem","position":1,"name":"Strona g\u0142\u00f3wna","item":"https:\/\/podologkielce.com\/"},{"@type":"ListItem","position":2,"name":"Wrastaj\u0105ce\/ wkr\u0119caj\u0105ce si\u0119 paznokcie"}]}]}},"_links":{"self":[{"href":"https:\/\/podologkielce.com\/wp-json\/wp\/v2\/pages\/85"}],"collection":[{"href":"https:\/\/podologkielce.com\/wp-json\/wp\/v2\/pages"}],"about":[{"href":"https:\/\/podologkielce.com\/wp-json\/wp\/v2\/types\/page"}],"author":[{"embeddable":true,"href":"https:\/\/podologkielce.com\/wp-json\/wp\/v2\/users\/1"}],"replies":[{"embeddable":true,"href":"https:\/\/podologkielce.com\/wp-json\/wp\/v2\/comments?post=85"}],"version-history":[{"count":3,"href":"https:\/\/podologkielce.com\/wp-json\/wp\/v2\/pages\/85\/revisions"}],"predecessor-version":[{"id":227,"href":"https:\/\/podologkielce.com\/wp-json\/wp\/v2\/pages\/85\/revisions\/227"}],"wp:featuredmedia":[{"embeddable":true,"href":"https:\/\/podologkielce.com\/wp-json\/wp\/v2\/media\/171"}],"wp:attachment":[{"href":"https:\/\/podologkielce.com\/wp-json\/wp\/v2\/media?parent=85"}],"curies":[{"name":"wp","href":"https:\/\/api.w.org\/{rel}","templated":true}]}}